{"id":15,"date":"2023-10-28T12:45:18","date_gmt":"2023-10-28T10:45:18","guid":{"rendered":"http:\/\/serwer228557.lh.pl\/autoinstalator\/serwer228557.lh.pl\/wordpress36134\/?page_id=15"},"modified":"2024-02-13T20:29:56","modified_gmt":"2024-02-13T19:29:56","slug":"strona-glowna","status":"publish","type":"page","link":"https:\/\/rod-jutrzenka.com.pl\/","title":{"rendered":"Strona g\u0142\u00f3wna"},"content":{"rendered":"\n<div class=\"wp-block-uagb-container uagb-block-7a388c27 alignfull uagb-is-root-container\"><div class=\"uagb-container-inner-blocks-wrap\">\n<div class=\"wp-block-uagb-container uagb-block-d750155b\">\n<figure class=\"wp-block-image size-full is-resized\"><img loading=\"lazy\" decoding=\"async\" width=\"911\" height=\"492\" src=\"https:\/\/rod-jutrzenka.com.pl\/wp-content\/uploads\/2024\/02\/Screenshot-at-Feb-13-20-29-02.png\" alt=\"\" class=\"wp-image-226\" style=\"width:572px;height:auto\" srcset=\"https:\/\/rod-jutrzenka.com.pl\/wp-content\/uploads\/2024\/02\/Screenshot-at-Feb-13-20-29-02.png 911w, https:\/\/rod-jutrzenka.com.pl\/wp-content\/uploads\/2024\/02\/Screenshot-at-Feb-13-20-29-02-300x162.png 300w, https:\/\/rod-jutrzenka.com.pl\/wp-content\/uploads\/2024\/02\/Screenshot-at-Feb-13-20-29-02-768x415.png 768w\" sizes=\"auto, (max-width: 911px) 100vw, 911px\" \/><\/figure>\n<\/div>\n\n\n\n<div class=\"wp-block-uagb-container uagb-block-525c8a34\">\n<p style=\"font-size:30px\"><strong>Rodzinny ogr\u00f3d dzia\u0142kowy &#8222;Jutrzenka&#8221;<\/strong><\/p>\n\n\n\n<p>Historia ogr\u00f3dk\u00f3w dzia\u0142kowych w Chropaczowie rozpoczyna si\u0119 w 1931 roku. Dzisiejszy ROD \u201eJutrzenka\u201d sk\u0142ada si\u0119 z pi\u0119ciu koloni, zajmuj\u0105cych \u0142\u0105cznie powierzchni\u0119 14 ha.<\/p>\n\n\n\n<div class=\"wp-block-buttons is-content-justification-right is-layout-flex wp-container-core-buttons-is-layout-d445cf74 wp-block-buttons-is-layout-flex\">\n<div class=\"wp-block-button has-custom-width wp-block-button__width-25 is-style-fill\"><a class=\"wp-block-button__link has-ast-global-color-4-color has-text-color has-background has-link-color has-text-align-center wp-element-button\" href=\"https:\/\/rod-jutrzenka.com.pl\/index.php\/o-nas\/\" style=\"background-color:#019341\">O Nas<\/a><\/div>\n<\/div>\n<\/div>\n<\/div><\/div>\n\n\n\n<div class=\"wp-block-uagb-container uagb-block-cdb111fa alignfull uagb-is-root-container\"><div class=\"uagb-container-inner-blocks-wrap\">\n\t\t\t<div class=\"wp-block-uagb-post-grid uagb-post-grid  uagb-post__image-position-top uagb-post__image-enabled uagb-block-8303cf01     uagb-post__items uagb-post__columns-3 is-grid uagb-post__columns-tablet-2 uagb-post__columns-mobile-1 uagb-post__equal-height uagb-equal_height_inline-read-more-buttons\" data-total=\"11\" style=\"\">\n\n\t\t\t\t\t\t\t\t\t\t\t\t<article class=\"uagb-post__inner-wrap\">\t\t\t\t\t\t\t\t<div class='uagb-post__image'>\n\t\t\t\t\t\t\t\t\t<a href=\"https:\/\/rod-jutrzenka.com.pl\/index.php\/2026\/04\/08\/woda-informacja\/\" target=\"_self\" rel=\"bookmark noopener noreferrer\" class='uagb-image-ratio-2-3'><img loading=\"lazy\" decoding=\"async\" width=\"300\" height=\"198\" src=\"https:\/\/rod-jutrzenka.com.pl\/wp-content\/uploads\/2024\/02\/WAZNE1-300x198.jpeg\" class=\"attachment-medium size-medium\" alt=\"\" srcset=\"https:\/\/rod-jutrzenka.com.pl\/wp-content\/uploads\/2024\/02\/WAZNE1-300x198.jpeg 300w, https:\/\/rod-jutrzenka.com.pl\/wp-content\/uploads\/2024\/02\/WAZNE1-768x508.jpeg 768w, https:\/\/rod-jutrzenka.com.pl\/wp-content\/uploads\/2024\/02\/WAZNE1.jpeg 1024w\" sizes=\"auto, (max-width: 300px) 100vw, 300px\" \/>\t\t\t\t\t<\/a>\n\t\t\t\t\t\t\t<\/div>\n\t\t\t\t\t\t<h4 class=\"uagb-post__title uagb-post__text\">\n\t\t\t\t<a href=\"https:\/\/rod-jutrzenka.com.pl\/index.php\/2026\/04\/08\/woda-informacja\/\" target=\"_self\" rel=\"bookmark noopener noreferrer\">WODA !   Informacja<\/a>\n\t\t\t<\/h4>\n\t\t\t\t\t\t<div class='uagb-post__text uagb-post-grid-byline'>\n\t\t\t\t\t\t\t\t<time datetime=\"2026-04-08T11:38:30+02:00\" class=\"uagb-post__date\">\n\t\t\t\t<span class=\"dashicons-calendar dashicons\"><\/span>\t\t\t\t\t2026-04-08\t\t\t\t<\/time>\n\t\t\t\t\t\t\t<span class=\"uagb-post__comment\">\n\t\t\t\t<span class=\"dashicons-admin-comments dashicons\"><\/span>\t\t\t\t\tBrak komentarzy\t\t\t\t<\/span>\n\t\t\t\t\t\t<\/div>\n\t\t\t\t\t\t\t<div class='uagb-post__text uagb-post__excerpt'>\n\t\t\t\t\t<p>Z uwagi na przewidywane przymrozki w nocy ze \u015brody na czwartek i czwartek na pi\u0105tek&#8230;\t\t\t\t<\/div>\n\t\t\t\t\t\t<div class=\"uagb-post__text uagb-post__cta wp-block-button\">\n\t\t\t\t<a class=\"wp-block-button__link uagb-text-link\" style=\"\" href=\"https:\/\/rod-jutrzenka.com.pl\/index.php\/2026\/04\/08\/woda-informacja\/\" target=\"_self\" rel=\"bookmark noopener noreferrer\">Czytaj wi\u0119cej<\/a>\n\t\t\t<\/div>\n\t\t\t\n\t\t\t\t\t\t\t\t\t<\/article>\n\t\t\t\t\t\t\t\t\t\t\t\t\t\t\t\t<article class=\"uagb-post__inner-wrap\">\t\t\t\t\t\t\t\t<div class='uagb-post__image'>\n\t\t\t\t\t\t\t\t\t<a href=\"https:\/\/rod-jutrzenka.com.pl\/index.php\/2026\/04\/02\/walne-zebranie-sprawozdawcze\/\" target=\"_self\" rel=\"bookmark noopener noreferrer\" class='uagb-image-ratio-2-3'><img loading=\"lazy\" decoding=\"async\" width=\"300\" height=\"198\" src=\"https:\/\/rod-jutrzenka.com.pl\/wp-content\/uploads\/2024\/02\/WAZNE1-300x198.jpeg\" class=\"attachment-medium size-medium\" alt=\"\" srcset=\"https:\/\/rod-jutrzenka.com.pl\/wp-content\/uploads\/2024\/02\/WAZNE1-300x198.jpeg 300w, https:\/\/rod-jutrzenka.com.pl\/wp-content\/uploads\/2024\/02\/WAZNE1-768x508.jpeg 768w, https:\/\/rod-jutrzenka.com.pl\/wp-content\/uploads\/2024\/02\/WAZNE1.jpeg 1024w\" sizes=\"auto, (max-width: 300px) 100vw, 300px\" \/>\t\t\t\t\t<\/a>\n\t\t\t\t\t\t\t<\/div>\n\t\t\t\t\t\t<h4 class=\"uagb-post__title uagb-post__text\">\n\t\t\t\t<a href=\"https:\/\/rod-jutrzenka.com.pl\/index.php\/2026\/04\/02\/walne-zebranie-sprawozdawcze\/\" target=\"_self\" rel=\"bookmark noopener noreferrer\">Walne Zebranie Sprawozdawcze<\/a>\n\t\t\t<\/h4>\n\t\t\t\t\t\t<div class='uagb-post__text uagb-post-grid-byline'>\n\t\t\t\t\t\t\t\t<time datetime=\"2026-04-02T15:36:03+02:00\" class=\"uagb-post__date\">\n\t\t\t\t<span class=\"dashicons-calendar dashicons\"><\/span>\t\t\t\t\t2026-04-02\t\t\t\t<\/time>\n\t\t\t\t\t\t\t<span class=\"uagb-post__comment\">\n\t\t\t\t<span class=\"dashicons-admin-comments dashicons\"><\/span>\t\t\t\t\tBrak komentarzy\t\t\t\t<\/span>\n\t\t\t\t\t\t<\/div>\n\t\t\t\t\t\t\t<div class='uagb-post__text uagb-post__excerpt'>\n\t\t\t\t\t<p>Zarz\u0105d ROD informuje , \u017ce tegoroczne Walne Zebranie Sprawozdawcze odb\u0119dzie si\u0119 w dniu 24.04.2026r o&#8230;\t\t\t\t<\/div>\n\t\t\t\t\t\t<div class=\"uagb-post__text uagb-post__cta wp-block-button\">\n\t\t\t\t<a class=\"wp-block-button__link uagb-text-link\" style=\"\" href=\"https:\/\/rod-jutrzenka.com.pl\/index.php\/2026\/04\/02\/walne-zebranie-sprawozdawcze\/\" target=\"_self\" rel=\"bookmark noopener noreferrer\">Czytaj wi\u0119cej<\/a>\n\t\t\t<\/div>\n\t\t\t\n\t\t\t\t\t\t\t\t\t<\/article>\n\t\t\t\t\t\t\t\t\t\t\t\t\t\t\t\t<article class=\"uagb-post__inner-wrap\">\t\t\t\t\t\t\t\t<div class='uagb-post__image'>\n\t\t\t\t\t\t\t\t\t<a href=\"https:\/\/rod-jutrzenka.com.pl\/index.php\/2026\/04\/02\/odkrecenie-wody-2\/\" target=\"_self\" rel=\"bookmark noopener noreferrer\" class='uagb-image-ratio-2-3'><img loading=\"lazy\" decoding=\"async\" width=\"300\" height=\"198\" src=\"https:\/\/rod-jutrzenka.com.pl\/wp-content\/uploads\/2024\/02\/WAZNE1-300x198.jpeg\" class=\"attachment-medium size-medium\" alt=\"\" srcset=\"https:\/\/rod-jutrzenka.com.pl\/wp-content\/uploads\/2024\/02\/WAZNE1-300x198.jpeg 300w, https:\/\/rod-jutrzenka.com.pl\/wp-content\/uploads\/2024\/02\/WAZNE1-768x508.jpeg 768w, https:\/\/rod-jutrzenka.com.pl\/wp-content\/uploads\/2024\/02\/WAZNE1.jpeg 1024w\" sizes=\"auto, (max-width: 300px) 100vw, 300px\" \/>\t\t\t\t\t<\/a>\n\t\t\t\t\t\t\t<\/div>\n\t\t\t\t\t\t<h4 class=\"uagb-post__title uagb-post__text\">\n\t\t\t\t<a href=\"https:\/\/rod-jutrzenka.com.pl\/index.php\/2026\/04\/02\/odkrecenie-wody-2\/\" target=\"_self\" rel=\"bookmark noopener noreferrer\">Odkr\u0119cenie wody<\/a>\n\t\t\t<\/h4>\n\t\t\t\t\t\t<div class='uagb-post__text uagb-post-grid-byline'>\n\t\t\t\t\t\t\t\t<time datetime=\"2026-04-02T15:29:11+02:00\" class=\"uagb-post__date\">\n\t\t\t\t<span class=\"dashicons-calendar dashicons\"><\/span>\t\t\t\t\t2026-04-02\t\t\t\t<\/time>\n\t\t\t\t\t\t\t<span class=\"uagb-post__comment\">\n\t\t\t\t<span class=\"dashicons-admin-comments dashicons\"><\/span>\t\t\t\t\tBrak komentarzy\t\t\t\t<\/span>\n\t\t\t\t\t\t<\/div>\n\t\t\t\t\t\t\t<div class='uagb-post__text uagb-post__excerpt'>\n\t\t\t\t\t<p>Odkr\u0119cenie wody na wszystkich koloniach nast\u0105pi 08.04.2026r w godz. 16-19. Prosimy o sprawdzenie instalacji wodnej&#8230;\t\t\t\t<\/div>\n\t\t\t\t\t\t<div class=\"uagb-post__text uagb-post__cta wp-block-button\">\n\t\t\t\t<a class=\"wp-block-button__link uagb-text-link\" style=\"\" href=\"https:\/\/rod-jutrzenka.com.pl\/index.php\/2026\/04\/02\/odkrecenie-wody-2\/\" target=\"_self\" rel=\"bookmark noopener noreferrer\">Czytaj wi\u0119cej<\/a>\n\t\t\t<\/div>\n\t\t\t\n\t\t\t\t\t\t\t\t\t<\/article>\n\t\t\t\t\t\t\t\t\t\t\t<\/div>\n\t\t\t<\/div><\/div>\n","protected":false},"excerpt":{"rendered":"<p>Rodzinny ogr\u00f3d dzia\u0142kowy &#8222;Jutrzenka&#8221; Historia ogr\u00f3dk\u00f3w dzia\u0142kowych w Chropaczowie rozpoczyna si\u0119 w 1931 roku. Dzisiejszy ROD \u201eJutrzenka\u201d sk\u0142ada si\u0119 z pi\u0119ciu koloni, zajmuj\u0105cych \u0142\u0105cznie powierzchni\u0119 14 ha.<\/p>\n","protected":false},"author":1,"featured_media":0,"parent":0,"menu_order":0,"comment_status":"closed","ping_status":"closed","template":"","meta":{"_eb_attr":"","_uag_custom_page_level_css":"","site-sidebar-layout":"default","site-content-layout":"","ast-site-content-layout":"","site-content-style":"default","site-sidebar-style":"default","ast-global-header-display":"","ast-banner-title-visibility":"","ast-main-header-display":"","ast-hfb-above-header-display":"","ast-hfb-below-header-display":"","ast-hfb-mobile-header-display":"","site-post-title":"disabled","ast-breadcrumbs-content":"","ast-featured-img":"","footer-sml-layout":"","theme-transparent-header-meta":"","adv-header-id-meta":"","stick-header-meta":"","header-above-stick-meta":"","header-main-stick-meta":"","header-below-stick-meta":"","astra-migrate-meta-layouts":"","ast-page-background-enabled":"default","ast-page-background-meta":{"desktop":{"background-color":"var(--ast-global-color-4)","background-image":"","background-repeat":"repeat","background-position":"center center","background-size":"auto","background-attachment":"scroll","background-type":"","background-media":"","overlay-type":"","overlay-color":"","overlay-opacity":"","overlay-gradient":""},"tablet":{"background-color":"","background-image":"","background-repeat":"repeat","background-position":"center center","background-size":"auto","background-attachment":"scroll","background-type":"","background-media":"","overlay-type":"","overlay-color":"","overlay-opacity":"","overlay-gradient":""},"mobile":{"background-color":"","background-image":"","background-repeat":"repeat","background-position":"center center","background-size":"auto","background-attachment":"scroll","background-type":"","background-media":"","overlay-type":"","overlay-color":"","overlay-opacity":"","overlay-gradient":""}},"ast-content-background-meta":{"desktop":{"background-color":"var(--ast-global-color-5)","background-image":"","background-repeat":"repeat","background-position":"center center","background-size":"auto","background-attachment":"scroll","background-type":"","background-media":"","overlay-type":"","overlay-color":"","overlay-opacity":"","overlay-gradient":""},"tablet":{"background-color":"var(--ast-global-color-5)","background-image":"","background-repeat":"repeat","background-position":"center center","background-size":"auto","background-attachment":"scroll","background-type":"","background-media":"","overlay-type":"","overlay-color":"","overlay-opacity":"","overlay-gradient":""},"mobile":{"background-color":"var(--ast-global-color-5)","background-image":"","background-repeat":"repeat","background-position":"center center","background-size":"auto","background-attachment":"scroll","background-type":"","background-media":"","overlay-type":"","overlay-color":"","overlay-opacity":"","overlay-gradient":""}},"footnotes":""},"class_list":["post-15","page","type-page","status-publish","hentry"],"uagb_featured_image_src":{"full":false,"thumbnail":false,"medium":false,"medium_large":false,"large":false,"1536x1536":false,"2048x2048":false},"uagb_author_info":{"display_name":"Administrator","author_link":"https:\/\/rod-jutrzenka.com.pl\/index.php\/author\/administrator\/"},"uagb_comment_info":0,"uagb_excerpt":"Rodzinny ogr\u00f3d dzia\u0142kowy &#8222;Jutrzenka&#8221; Historia ogr\u00f3dk\u00f3w dzia\u0142kowych w Chropaczowie rozpoczyna si\u0119 w 1931 roku. Dzisiejszy ROD \u201eJutrzenka\u201d sk\u0142ada si\u0119 z pi\u0119ciu koloni, zajmuj\u0105cych \u0142\u0105cznie powierzchni\u0119 14 ha.","_links":{"self":[{"href":"https:\/\/rod-jutrzenka.com.pl\/index.php\/wp-json\/wp\/v2\/pages\/15","targetHints":{"allow":["GET"]}}],"collection":[{"href":"https:\/\/rod-jutrzenka.com.pl\/index.php\/wp-json\/wp\/v2\/pages"}],"about":[{"href":"https:\/\/rod-jutrzenka.com.pl\/index.php\/wp-json\/wp\/v2\/types\/page"}],"author":[{"embeddable":true,"href":"https:\/\/rod-jutrzenka.com.pl\/index.php\/wp-json\/wp\/v2\/users\/1"}],"replies":[{"embeddable":true,"href":"https:\/\/rod-jutrzenka.com.pl\/index.php\/wp-json\/wp\/v2\/comments?post=15"}],"version-history":[{"count":32,"href":"https:\/\/rod-jutrzenka.com.pl\/index.php\/wp-json\/wp\/v2\/pages\/15\/revisions"}],"predecessor-version":[{"id":227,"href":"https:\/\/rod-jutrzenka.com.pl\/index.php\/wp-json\/wp\/v2\/pages\/15\/revisions\/227"}],"wp:attachment":[{"href":"https:\/\/rod-jutrzenka.com.pl\/index.php\/wp-json\/wp\/v2\/media?parent=15"}],"curies":[{"name":"wp","href":"https:\/\/api.w.org\/{rel}","templated":true}]}}