
    
    {"id":19,"date":"2023-10-28T12:49:52","date_gmt":"2023-10-28T10:49:52","guid":{"rendered":"http:\/\/serwer228557.lh.pl\/autoinstalator\/serwer228557.lh.pl\/wordpress36134\/?page_id=19"},"modified":"2025-06-04T17:21:03","modified_gmt":"2025-06-04T15:21:03","slug":"oplaty","status":"publish","type":"page","link":"https:\/\/rod-jutrzenka.com.pl\/index.php\/oplaty\/","title":{"rendered":"Op\u0142aty"},"content":{"rendered":"\n<div style=\"height:51px\" aria-hidden=\"true\" class=\"wp-block-spacer\"><\/div>\n\n\n\n<div class=\"wp-block-uagb-container uagb-block-ec83805a alignfull uagb-is-root-container\"><div class=\"uagb-container-inner-blocks-wrap\">\n<p class=\"has-x-large-font-size\"><strong>Op\u0142aty<\/strong><\/p>\n\n\n\n<p class=\"has-text-align-left has-medium-font-size\">Walne Zebranie Sprawozdawcze w kwietniu 2025 r podj\u0119\u0142o uchwa\u0142\u0119 o wysoko\u015bci op\u0142at na pokrycie&nbsp;koszt\u00f3w funkcjonowania ROD w 2025 roku.<\/p>\n\n\n\n<p>Druki do wnoszenia op\u0142at za ogr\u00f3dki mo\u017cna odbiera\u0107 od wtorku 10.06.2025 r i w ka\u017cdy nast\u0119pny wtorek do ko\u0144ca lipca w biurze zarz\u0105du od godz. 17 do 19<\/p>\n<\/div><\/div>\n\n\n\n<div class=\"wp-block-uagb-container uagb-block-56732a83 alignfull uagb-is-root-container\"><div class=\"uagb-container-inner-blocks-wrap\">\n<div class=\"wp-block-uagb-container uagb-block-5aecc60f\">\n<div class=\"wp-block-uagb-container uagb-block-fe1ce64b\">\n<ul class=\"wp-block-list\">\n<li>op\u0142ata ogrodowa \u2013 dzier\u017cawa za 1 m2<\/li>\n\n\n\n<li>op\u0142ata cz\u0142onkowska<\/li>\n\n\n\n<li>op\u0142ata na inwestycje i remonty<\/li>\n\n\n\n<li>op\u0142ata energetyczna<\/li>\n\n\n\n<li>op\u0142ata za 1 kWh zu\u017cytego pr\u0105du<\/li>\n\n\n\n<li>op\u0142ata wodna<\/li>\n\n\n\n<li>op\u0142ata za 1 m3 zu\u017cytej wody<\/li>\n\n\n\n<li>op\u0142ata za \u015bmieci<\/li>\n<\/ul>\n<\/div>\n<\/div>\n\n\n\n<div class=\"wp-block-uagb-container uagb-block-cb0d4bcf\">\n<div class=\"wp-block-uagb-container uagb-block-5f0962fd\">\n<ul class=\"wp-block-list\">\n<li><strong>1,15 z\u0142<\/strong><\/li>\n\n\n\n<li><strong>10,00 z\u0142<\/strong><\/li>\n\n\n\n<li><strong>40,00 z\u0142<\/strong><\/li>\n\n\n\n<li><strong>5,00 z\u0142<\/strong><\/li>\n\n\n\n<li><strong>1,20 z\u0142<\/strong><\/li>\n\n\n\n<li><strong>29,00 z\u0142<\/strong><\/li>\n\n\n\n<li><strong>8,50z\u0142<\/strong><\/li>\n\n\n\n<li><strong>275,00 z\u0142<\/strong><\/li>\n<\/ul>\n<\/div>\n<\/div>\n\n\n\n<div class=\"wp-block-uagb-container uagb-block-551c9b3b\"><\/div>\n<\/div><\/div>\n\n\n\n<hr class=\"wp-block-separator has-text-color has-alpha-channel-opacity has-background is-style-wide\" style=\"background-color:#019341;color:#019341\"\/>\n\n\n\n<div class=\"wp-block-uagb-container uagb-block-df4da396 alignfull uagb-is-root-container\"><div class=\"uagb-container-inner-blocks-wrap\">\n<p class=\"has-text-align-center has-text-color has-link-color has-x-large-font-size wp-elements-65c19e96074182a2123fe0ccf60755f5\" style=\"color:#019341\"><strong>U\u017cyczenie sali<\/strong> <strong>202<\/strong>5<\/p>\n\n\n\n<p><strong><em>W miesi\u0105cu sierpniu istnieje  mo\u017cliwo\u015b\u0107 u\u017cyczenia sali.<\/em><\/strong>  <strong><em> Zapraszamy do skorzystania.<\/em><\/strong><\/p>\n<\/div><\/div>\n\n\n\n<div class=\"wp-block-uagb-container uagb-block-f047942c alignfull uagb-is-root-container\"><div class=\"uagb-container-inner-blocks-wrap\">\n<div class=\"wp-block-uagb-container uagb-block-5a409cb9\">\n<div class=\"wp-block-uagb-container uagb-block-999c4219\">\n<ul class=\"wp-block-list\">\n<li>U\u017cyczenie<\/li>\n\n\n\n<li>Woda<\/li>\n\n\n\n<li>Energia Elektryczna<\/li>\n\n\n\n<li>Koszt umowy u\u017cyczenia<\/li>\n\n\n\n<li>St\u0142uczki<\/li>\n<\/ul>\n<\/div>\n<\/div>\n\n\n\n<div class=\"wp-block-uagb-container uagb-block-a7bd57c5\">\n<div class=\"wp-block-uagb-container uagb-block-51ee3ad8\">\n<ul class=\"wp-block-list\">\n<li><strong>500,00 z\u0142<\/strong><\/li>\n\n\n\n<li><strong>50,00 z\u0142<\/strong><\/li>\n\n\n\n<li><strong>1,50 z\u0142 za<\/strong> 1kWh (w tym dystrybucja)<\/li>\n\n\n\n<li><strong>10,00 z\u0142<\/strong><\/li>\n\n\n\n<li><strong>wed\u0142ug cennika<\/strong><\/li>\n<\/ul>\n<\/div>\n<\/div>\n\n\n\n<div class=\"wp-block-uagb-container uagb-block-52863399\">\n<p class=\"has-x-large-font-size\"><strong>1 DZIE\u0143<\/strong><\/p>\n<\/div>\n<\/div><\/div>\n\n\n\n<div class=\"wp-block-uagb-container uagb-block-60c7ac9c alignfull uagb-is-root-container\"><div class=\"uagb-container-inner-blocks-wrap\">\n<div class=\"wp-block-uagb-container uagb-block-d25c06be\">\n<div class=\"wp-block-uagb-container uagb-block-873582d3\">\n<ul class=\"wp-block-list\">\n<li>U\u017cyczenie<\/li>\n\n\n\n<li>Woda<\/li>\n\n\n\n<li>Energia Elektryczna<\/li>\n\n\n\n<li>Koszt umowy u\u017cyczenia<\/li>\n\n\n\n<li>St\u0142uczki<\/li>\n<\/ul>\n<\/div>\n<\/div>\n\n\n\n<div class=\"wp-block-uagb-container uagb-block-3b66420b\">\n<div class=\"wp-block-uagb-container uagb-block-4c511722\">\n<ul class=\"wp-block-list\">\n<li><strong>600,00 z\u0142<\/strong><\/li>\n\n\n\n<li><strong>70,00 z\u0142<\/strong><\/li>\n\n\n\n<li><strong>1,50 z\u0142 za<\/strong> 1kWh (w tym dystrybucja)<\/li>\n\n\n\n<li><strong>10,00 z\u0142<\/strong><\/li>\n\n\n\n<li><strong>wed\u0142ug cennika<\/strong><\/li>\n<\/ul>\n<\/div>\n<\/div>\n\n\n\n<div class=\"wp-block-uagb-container uagb-block-cf178c93\">\n<p class=\"has-x-large-font-size\"><strong>2 DNI<\/strong><\/p>\n<\/div>\n<\/div><\/div>\n\n\n\n<div class=\"wp-block-uagb-container uagb-block-209ee3b2 alignfull uagb-is-root-container\"><div class=\"uagb-container-inner-blocks-wrap\"><div class=\"wp-block-panorama-image-360\" id='bBlocksImage360Viewer-1' data-attributes='{&quot;imageUrl&quot;:&quot;https:\\\/\\\/rod-jutrzenka.com.pl\\\/wp-content\\\/uploads\\\/2024\\\/05\\\/IMG_20240522_144248_683-scaled.jpg&quot;,&quot;options&quot;:{&quot;isRotate&quot;:true,&quot;autoRotateSpeed&quot;:&quot;2&quot;,&quot;autoRotateInactivityDelay&quot;:3000,&quot;hideDefaultCtrl&quot;:false,&quot;initialView&quot;:false,&quot;initialViewPosition&quot;:{&quot;pitch&quot;:2.3,&quot;yaw&quot;:-360.4,&quot;hfov&quot;:120},&quot;autoLoad&quot;:true,&quot;draggable&quot;:true,&quot;compass&quot;:false,&quot;titleAuthor&quot;:true,&quot;title&quot;:&quot;360\\u00b0 Sala&quot;,&quot;author&quot;:&quot;&lt;a href=\\&quot;https:\\\/\\\/bplugins.com\\\/\\&quot;&gt;bPlugins&lt;\\\/a&gt;&quot;,&quot;mouseZoom&quot;:true,&quot;disableKeyboardCtrl&quot;:false,&quot;doubleClickZoom&quot;:true},&quot;customControl&quot;:false,&quot;layout&quot;:{&quot;alignSl&quot;:{&quot;desktop&quot;:&quot;center&quot;,&quot;tablet&quot;:&quot;center&quot;,&quot;mobile&quot;:&quot;center&quot;},&quot;width&quot;:{&quot;desktop&quot;:&quot;100%&quot;,&quot;tablet&quot;:&quot;100%&quot;,&quot;mobile&quot;:&quot;100%&quot;},&quot;height&quot;:{&quot;desktop&quot;:&quot;500px&quot;,&quot;tablet&quot;:&quot;500px&quot;,&quot;mobile&quot;:&quot;500px&quot;}}}'><\/div>\n<\/div><\/div>\n\n\n\n<div style=\"height:70px\" aria-hidden=\"true\" class=\"wp-block-spacer\"><\/div>\n\n\n<div class=\"wp-block-panorama-image-360\" id='bBlocksImage360Viewer-2' data-attributes='{&quot;imageUrl&quot;:&quot;https:\\\/\\\/rod-jutrzenka.com.pl\\\/wp-content\\\/uploads\\\/2024\\\/05\\\/IMG_20240522_144229_601-scaled.jpg&quot;,&quot;options&quot;:{&quot;isRotate&quot;:true,&quot;autoRotateSpeed&quot;:&quot;2&quot;,&quot;autoRotateInactivityDelay&quot;:3000,&quot;hideDefaultCtrl&quot;:false,&quot;initialView&quot;:false,&quot;initialViewPosition&quot;:{&quot;pitch&quot;:2.3,&quot;yaw&quot;:-360.4,&quot;hfov&quot;:120},&quot;autoLoad&quot;:true,&quot;draggable&quot;:true,&quot;compass&quot;:false,&quot;titleAuthor&quot;:true,&quot;title&quot;:&quot;360\\u00b0 Kuchnia&quot;,&quot;author&quot;:&quot;&lt;a href=\\&quot;https:\\\/\\\/bplugins.com\\\/\\&quot;&gt;bPlugins&lt;\\\/a&gt;&quot;,&quot;mouseZoom&quot;:true,&quot;disableKeyboardCtrl&quot;:false,&quot;doubleClickZoom&quot;:true},&quot;customControl&quot;:false,&quot;layout&quot;:{&quot;alignSl&quot;:{&quot;desktop&quot;:&quot;center&quot;,&quot;tablet&quot;:&quot;center&quot;,&quot;mobile&quot;:&quot;center&quot;},&quot;width&quot;:{&quot;desktop&quot;:&quot;100%&quot;,&quot;tablet&quot;:&quot;100%&quot;,&quot;mobile&quot;:&quot;100%&quot;},&quot;height&quot;:{&quot;desktop&quot;:&quot;500px&quot;,&quot;tablet&quot;:&quot;500px&quot;,&quot;mobile&quot;:&quot;500px&quot;}}}'><\/div>\n\n\n\n<div style=\"height:100px\" aria-hidden=\"true\" class=\"wp-block-spacer\"><\/div>\n","protected":false},"excerpt":{"rendered":"<p>Op\u0142aty Walne Zebranie Sprawozdawcze w kwietniu 2025 r podj\u0119\u0142o uchwa\u0142\u0119 o wysoko\u015bci op\u0142at na pokrycie&nbsp;koszt\u00f3w funkcjonowania ROD w 2025 roku. Druki do wnoszenia op\u0142at za ogr\u00f3dki mo\u017cna odbiera\u0107 od wtorku 10.06.2025 r i w ka\u017cdy nast\u0119pny wtorek do ko\u0144ca lipca w biurze zarz\u0105du od godz. 17 do 19 U\u017cyczenie sali 2025 W miesi\u0105cu sierpniu istnieje [&hellip;]<\/p>\n","protected":false},"author":1,"featured_media":0,"parent":0,"menu_order":0,"comment_status":"closed","ping_status":"closed","template":"","meta":{"_eb_attr":"","_uag_custom_page_level_css":"","site-sidebar-layout":"default","site-content-layout":"","ast-site-content-layout":"","site-content-style":"default","site-sidebar-style":"default","ast-global-header-display":"","ast-banner-title-visibility":"","ast-main-header-display":"","ast-hfb-above-header-display":"","ast-hfb-below-header-display":"","ast-hfb-mobile-header-display":"","site-post-title":"disabled","ast-breadcrumbs-content":"","ast-featured-img":"","footer-sml-layout":"","theme-transparent-header-meta":"","adv-header-id-meta":"","stick-header-meta":"","header-above-stick-meta":"","header-main-stick-meta":"","header-below-stick-meta":"","astra-migrate-meta-layouts":"default","ast-page-background-enabled":"default","ast-page-background-meta":{"desktop":{"background-color":"var(--ast-global-color-4)","background-image":"","background-repeat":"repeat","background-position":"center center","background-size":"auto","background-attachment":"scroll","background-type":"","background-media":"","overlay-type":"","overlay-color":"","overlay-opacity":"","overlay-gradient":""},"tablet":{"background-color":"","background-image":"","background-repeat":"repeat","background-position":"center center","background-size":"auto","background-attachment":"scroll","background-type":"","background-media":"","overlay-type":"","overlay-color":"","overlay-opacity":"","overlay-gradient":""},"mobile":{"background-color":"","background-image":"","background-repeat":"repeat","background-position":"center center","background-size":"auto","background-attachment":"scroll","background-type":"","background-media":"","overlay-type":"","overlay-color":"","overlay-opacity":"","overlay-gradient":""}},"ast-content-background-meta":{"desktop":{"background-color":"var(--ast-global-color-5)","background-image":"","background-repeat":"repeat","background-position":"center center","background-size":"auto","background-attachment":"scroll","background-type":"","background-media":"","overlay-type":"","overlay-color":"","overlay-opacity":"","overlay-gradient":""},"tablet":{"background-color":"var(--ast-global-color-5)","background-image":"","background-repeat":"repeat","background-position":"center center","background-size":"auto","background-attachment":"scroll","background-type":"","background-media":"","overlay-type":"","overlay-color":"","overlay-opacity":"","overlay-gradient":""},"mobile":{"background-color":"var(--ast-global-color-5)","background-image":"","background-repeat":"repeat","background-position":"center center","background-size":"auto","background-attachment":"scroll","background-type":"","background-media":"","overlay-type":"","overlay-color":"","overlay-opacity":"","overlay-gradient":""}},"footnotes":""},"class_list":["post-19","page","type-page","status-publish","hentry"],"uagb_featured_image_src":{"full":false,"thumbnail":false,"medium":false,"medium_large":false,"large":false,"1536x1536":false,"2048x2048":false},"uagb_author_info":{"display_name":"Administrator","author_link":"https:\/\/rod-jutrzenka.com.pl\/index.php\/author\/administrator\/"},"uagb_comment_info":0,"uagb_excerpt":"Op\u0142aty Walne Zebranie Sprawozdawcze w kwietniu 2025 r podj\u0119\u0142o uchwa\u0142\u0119 o wysoko\u015bci op\u0142at na pokrycie&nbsp;koszt\u00f3w funkcjonowania ROD w 2025 roku. Druki do wnoszenia op\u0142at za ogr\u00f3dki mo\u017cna odbiera\u0107 od wtorku 10.06.2025 r i w ka\u017cdy nast\u0119pny wtorek do ko\u0144ca lipca w biurze zarz\u0105du od godz. 17 do 19 U\u017cyczenie sali 2025 W miesi\u0105cu sierpniu istnieje&hellip;","_links":{"self":[{"href":"https:\/\/rod-jutrzenka.com.pl\/index.php\/wp-json\/wp\/v2\/pages\/19","targetHints":{"allow":["GET"]}}],"collection":[{"href":"https:\/\/rod-jutrzenka.com.pl\/index.php\/wp-json\/wp\/v2\/pages"}],"about":[{"href":"https:\/\/rod-jutrzenka.com.pl\/index.php\/wp-json\/wp\/v2\/types\/page"}],"author":[{"embeddable":true,"href":"https:\/\/rod-jutrzenka.com.pl\/index.php\/wp-json\/wp\/v2\/users\/1"}],"replies":[{"embeddable":true,"href":"https:\/\/rod-jutrzenka.com.pl\/index.php\/wp-json\/wp\/v2\/comments?post=19"}],"version-history":[{"count":40,"href":"https:\/\/rod-jutrzenka.com.pl\/index.php\/wp-json\/wp\/v2\/pages\/19\/revisions"}],"predecessor-version":[{"id":361,"href":"https:\/\/rod-jutrzenka.com.pl\/index.php\/wp-json\/wp\/v2\/pages\/19\/revisions\/361"}],"wp:attachment":[{"href":"https:\/\/rod-jutrzenka.com.pl\/index.php\/wp-json\/wp\/v2\/media?parent=19"}],"curies":[{"name":"wp","href":"https:\/\/api.w.org\/{rel}","templated":true}]}}